{"id":1076,"date":"2025-10-17T13:45:13","date_gmt":"2025-10-17T13:45:13","guid":{"rendered":"https:\/\/incentea.yourcode-staging.com\/pt\/?page_id=1076"},"modified":"2026-02-02T11:58:40","modified_gmt":"2026-02-02T11:58:40","slug":"politica-da-qualidade","status":"publish","type":"page","link":"https:\/\/incentea.com\/pt\/politica-da-qualidade\/","title":{"rendered":"Pol\u00edtica da Qualidade"},"content":{"rendered":"[vc_row type=&#8221;in_container&#8221; full_screen_row_position=&#8221;middle&#8221; column_margin=&#8221;default&#8221; column_direction=&#8221;default&#8221; column_direction_tablet=&#8221;default&#8221; column_direction_phone=&#8221;default&#8221; scene_position=&#8221;center&#8221; top_padding=&#8221;10%&#8221; top_padding_tablet=&#8221;15%&#8221; top_padding_phone=&#8221;20%&#8221; text_color=&#8221;light&#8221; text_align=&#8221;left&#8221; row_border_radius=&#8221;none&#8221; row_border_radius_applies=&#8221;bg&#8221; overflow=&#8221;visible&#8221; overlay_strength=&#8221;0.3&#8243; gradient_direction=&#8221;left_to_right&#8221; shape_divider_position=&#8221;bottom&#8221; bg_image_animation=&#8221;none&#8221; gradient_type=&#8221;default&#8221; shape_type=&#8221;&#8221;][vc_column column_padding=&#8221;no-extra-padding&#8221; column_padding_tablet=&#8221;inherit&#8221; column_padding_phone=&#8221;inherit&#8221; column_padding_position=&#8221;all&#8221; column_element_direction_desktop=&#8221;default&#8221; column_element_spacing=&#8221;default&#8221; centered_text=&#8221;true&#8221; desktop_text_alignment=&#8221;default&#8221; tablet_text_alignment=&#8221;default&#8221; phone_text_alignment=&#8221;default&#8221; background_color_opacity=&#8221;1&#8243; background_hover_color_opacity=&#8221;1&#8243; column_backdrop_filter=&#8221;none&#8221; column_shadow=&#8221;none&#8221; column_border_radius=&#8221;none&#8221; column_link_target=&#8221;_self&#8221; column_position=&#8221;default&#8221; gradient_direction=&#8221;left_to_right&#8221; overlay_strength=&#8221;0.3&#8243; width=&#8221;1\/1&#8243; tablet_width_inherit=&#8221;default&#8221; animation_type=&#8221;default&#8221; bg_image_animation=&#8221;none&#8221; border_type=&#8221;simple&#8221; column_border_width=&#8221;none&#8221; column_border_style=&#8221;solid&#8221; column_padding_type=&#8221;default&#8221; gradient_type=&#8221;default&#8221;][vc_column_text css=&#8221;&#8221; text_direction=&#8221;default&#8221;]\n<h1><span style=\"font-weight: 400;color: #233dec\">POL\u00cdTICA DA QUALIDADE<\/span><\/h1>\n[\/vc_column_text][\/vc_column][\/vc_row][vc_row type=&#8221;in_container&#8221; full_screen_row_position=&#8221;middle&#8221; column_margin=&#8221;default&#8221; column_direction=&#8221;default&#8221; column_direction_tablet=&#8221;default&#8221; column_direction_phone=&#8221;default&#8221; scene_position=&#8221;center&#8221; top_padding=&#8221;5%&#8221; text_color=&#8221;dark&#8221; text_align=&#8221;left&#8221; row_border_radius=&#8221;none&#8221; row_border_radius_applies=&#8221;bg&#8221; overflow=&#8221;visible&#8221; overlay_strength=&#8221;0.3&#8243; gradient_direction=&#8221;left_to_right&#8221; shape_divider_position=&#8221;bottom&#8221; bg_image_animation=&#8221;none&#8221; gradient_type=&#8221;default&#8221; shape_type=&#8221;&#8221;][vc_column column_padding=&#8221;no-extra-padding&#8221; column_padding_tablet=&#8221;inherit&#8221; column_padding_phone=&#8221;inherit&#8221; column_padding_position=&#8221;all&#8221; column_element_direction_desktop=&#8221;default&#8221; column_element_spacing=&#8221;default&#8221; desktop_text_alignment=&#8221;default&#8221; tablet_text_alignment=&#8221;default&#8221; phone_text_alignment=&#8221;default&#8221; background_color_opacity=&#8221;1&#8243; background_hover_color_opacity=&#8221;1&#8243; column_backdrop_filter=&#8221;none&#8221; column_shadow=&#8221;none&#8221; column_border_radius=&#8221;none&#8221; column_link_target=&#8221;_self&#8221; column_position=&#8221;default&#8221; gradient_direction=&#8221;left_to_right&#8221; overlay_strength=&#8221;0.3&#8243; width=&#8221;1\/6&#8243; tablet_width_inherit=&#8221;default&#8221; animation_type=&#8221;default&#8221; bg_image_animation=&#8221;none&#8221; border_type=&#8221;simple&#8221; column_border_width=&#8221;none&#8221; column_border_style=&#8221;solid&#8221;][\/vc_column][vc_column column_padding=&#8221;no-extra-padding&#8221; column_padding_tablet=&#8221;inherit&#8221; column_padding_phone=&#8221;inherit&#8221; column_padding_position=&#8221;all&#8221; column_element_direction_desktop=&#8221;default&#8221; column_element_spacing=&#8221;default&#8221; desktop_text_alignment=&#8221;default&#8221; tablet_text_alignment=&#8221;default&#8221; phone_text_alignment=&#8221;default&#8221; background_color_opacity=&#8221;1&#8243; background_hover_color_opacity=&#8221;1&#8243; column_backdrop_filter=&#8221;none&#8221; column_shadow=&#8221;none&#8221; column_border_radius=&#8221;none&#8221; column_link_target=&#8221;_self&#8221; column_position=&#8221;default&#8221; gradient_direction=&#8221;left_to_right&#8221; overlay_strength=&#8221;0.3&#8243; width=&#8221;2\/3&#8243; tablet_width_inherit=&#8221;default&#8221; animation_type=&#8221;default&#8221; bg_image_animation=&#8221;none&#8221; border_type=&#8221;simple&#8221; column_border_width=&#8221;none&#8221; column_border_style=&#8221;solid&#8221;][vc_column_text css=&#8221;&#8221; text_direction=&#8221;default&#8221; el_class=&#8221;fs-16&#8243;]A <strong>Pol\u00edtica da Qualidade (PQ)<\/strong> da <strong>INCENTEA<\/strong>\u00a0radica no posicionamento que a empresa tem perante clientes, colaboradores, acionistas e, de uma forma mais abrangente, perante a sociedade em que se insere e tem como finalidade enquadrar o esfor\u00e7o de melhoria permanente da organiza\u00e7\u00e3o na prossecu\u00e7\u00e3o dos objetivos e requisitos estabelecidos na sua estrat\u00e9gia de a\u00e7\u00e3o.<\/p>\n<p>S\u00e3o tr\u00eas os vetores fundamentais que, neste \u00e2mbito, norteiam o posicionamento da<strong> INCENTEA<\/strong>:<\/p>\n<ul>\n<li>A <strong>INCENTEA<\/strong>\u00a0procura contribuir decisivamente para:\n<ul>\n<li>A rentabiliza\u00e7\u00e3o dos Sistemas de Informa\u00e7\u00e3o nos seus clientes;<\/li>\n<li>Um bom ambiente de trabalho e uma melhoria constante do bem-estar dos seus colaboradores;<\/li>\n<li>Uma justa remunera\u00e7\u00e3o dos investimentos realizados pelos seus acionistas.<\/li>\n<\/ul>\n<\/li>\n<li>A <strong>INCENTEA<\/strong>\u00a0pretende tornar-se uma organiza\u00e7\u00e3o \u201cdivulgadora de ideias\u201d:\n<ul>\n<li>Participar em projetos de vanguarda, tecnologicamente inovadores;<\/li>\n<li>Ser um \u201cdifusor de tecnologia\u201d.<\/li>\n<\/ul>\n<\/li>\n<li>A <strong>INCENTEA<\/strong> procura ser socialmente interveniente:\n<ul>\n<li>Ser reconhecido como parceiro habitual de Institui\u00e7\u00f5es, P\u00fablicas ou Privadas;<\/li>\n<li>Estar atento aos problemas ambientais, sociais e outros que existam na comunidade local.<\/li>\n<\/ul>\n<\/li>\n<\/ul>\n[\/vc_column_text][\/vc_column][vc_column column_padding=&#8221;no-extra-padding&#8221; column_padding_tablet=&#8221;inherit&#8221; column_padding_phone=&#8221;inherit&#8221; column_padding_position=&#8221;all&#8221; column_element_direction_desktop=&#8221;default&#8221; column_element_spacing=&#8221;default&#8221; desktop_text_alignment=&#8221;default&#8221; tablet_text_alignment=&#8221;default&#8221; phone_text_alignment=&#8221;default&#8221; background_color_opacity=&#8221;1&#8243; background_hover_color_opacity=&#8221;1&#8243; column_backdrop_filter=&#8221;none&#8221; column_shadow=&#8221;none&#8221; column_border_radius=&#8221;none&#8221; column_link_target=&#8221;_self&#8221; column_position=&#8221;default&#8221; gradient_direction=&#8221;left_to_right&#8221; overlay_strength=&#8221;0.3&#8243; width=&#8221;1\/6&#8243; tablet_width_inherit=&#8221;default&#8221; animation_type=&#8221;default&#8221; bg_image_animation=&#8221;none&#8221; border_type=&#8221;simple&#8221; column_border_width=&#8221;none&#8221; column_border_style=&#8221;solid&#8221;][\/vc_column][\/vc_row]\n","protected":false},"excerpt":{"rendered":"<p>[vc_row type=&#8221;in_container&#8221; full_screen_row_position=&#8221;middle&#8221; column_margin=&#8221;default&#8221; column_direction=&#8221;default&#8221; column_direction_tablet=&#8221;default&#8221; column_direction_phone=&#8221;default&#8221; scene_position=&#8221;center&#8221; top_padding=&#8221;10%&#8221; top_padding_tablet=&#8221;15%&#8221; top_padding_phone=&#8221;20%&#8221; text_color=&#8221;light&#8221; text_align=&#8221;left&#8221; row_border_radius=&#8221;none&#8221; row_border_radius_applies=&#8221;bg&#8221; overflow=&#8221;visible&#8221; overlay_strength=&#8221;0.3&#8243; gradient_direction=&#8221;left_to_right&#8221; shape_divider_position=&#8221;bottom&#8221; bg_image_animation=&#8221;none&#8221; gradient_type=&#8221;default&#8221; shape_type=&#8221;&#8221;][vc_column column_padding=&#8221;no-extra-padding&#8221; column_padding_tablet=&#8221;inherit&#8221; column_padding_phone=&#8221;inherit&#8221; column_padding_position=&#8221;all&#8221; column_element_direction_desktop=&#8221;default&#8221; column_element_spacing=&#8221;default&#8221; centered_text=&#8221;true&#8221; desktop_text_alignment=&#8221;default&#8221;&#8230;<\/p>\n","protected":false},"author":1,"featured_media":0,"parent":0,"menu_order":0,"comment_status":"closed","ping_status":"closed","template":"","meta":{"inline_featured_image":false,"footnotes":""},"class_list":["post-1076","page","type-page","status-publish"],"yoast_head":"<!-- This site is optimized with the Yoast SEO plugin v27.4 - https:\/\/yoast.com\/product\/yoast-seo-wordpress\/ -->\n<title>Pol\u00edtica da Qualidade - INCENTEA Portugal<\/title>\n<meta name=\"robots\" content=\"noindex, nofollow\" \/>\n<meta property=\"og:locale\" content=\"pt_PT\" \/>\n<meta property=\"og:type\" content=\"article\" \/>\n<meta property=\"og:title\" content=\"Pol\u00edtica da Qualidade - INCENTEA Portugal\" \/>\n<meta property=\"og:description\" content=\"[vc_row type=&#8221;in_container&#8221; full_screen_row_position=&#8221;middle&#8221; column_margin=&#8221;default&#8221; column_direction=&#8221;default&#8221; column_direction_tablet=&#8221;default&#8221; column_direction_phone=&#8221;default&#8221; scene_position=&#8221;center&#8221; top_padding=&#8221;10%&#8221; top_padding_tablet=&#8221;15%&#8221; top_padding_phone=&#8221;20%&#8221; text_color=&#8221;light&#8221; text_align=&#8221;left&#8221; row_border_radius=&#8221;none&#8221; row_border_radius_applies=&#8221;bg&#8221; overflow=&#8221;visible&#8221; overlay_strength=&#8221;0.3&#8243; gradient_direction=&#8221;left_to_right&#8221; shape_divider_position=&#8221;bottom&#8221; bg_image_animation=&#8221;none&#8221; gradient_type=&#8221;default&#8221; shape_type=&#8221;&#8221;][vc_column column_padding=&#8221;no-extra-padding&#8221; column_padding_tablet=&#8221;inherit&#8221; column_padding_phone=&#8221;inherit&#8221; column_padding_position=&#8221;all&#8221; column_element_direction_desktop=&#8221;default&#8221; column_element_spacing=&#8221;default&#8221; centered_text=&#8221;true&#8221; desktop_text_alignment=&#8221;default&#8221;...\" \/>\n<meta property=\"og:url\" content=\"https:\/\/incentea.com\/pt\/politica-da-qualidade\/\" \/>\n<meta property=\"og:site_name\" content=\"INCENTEA Portugal\" \/>\n<meta property=\"article:publisher\" content=\"https:\/\/www.facebook.com\/incentea\/?locale=pt_PT\" \/>\n<meta property=\"article:modified_time\" content=\"2026-02-02T11:58:40+00:00\" \/>\n<meta name=\"twitter:card\" content=\"summary_large_image\" \/>\n<meta name=\"twitter:label1\" content=\"Tempo estimado de leitura\" \/>\n\t<meta name=\"twitter:data1\" content=\"1 minuto\" \/>\n<script type=\"application\/ld+json\" class=\"yoast-schema-graph\">{\"@context\":\"https:\\\/\\\/schema.org\",\"@graph\":[{\"@type\":\"WebPage\",\"@id\":\"https:\\\/\\\/incentea.com\\\/pt\\\/politica-da-qualidade\\\/\",\"url\":\"https:\\\/\\\/incentea.com\\\/pt\\\/politica-da-qualidade\\\/\",\"name\":\"Pol\u00edtica da Qualidade - INCENTEA Portugal\",\"isPartOf\":{\"@id\":\"https:\\\/\\\/incentea.com\\\/pt\\\/#website\"},\"datePublished\":\"2025-10-17T13:45:13+00:00\",\"dateModified\":\"2026-02-02T11:58:40+00:00\",\"breadcrumb\":{\"@id\":\"https:\\\/\\\/incentea.com\\\/pt\\\/politica-da-qualidade\\\/#breadcrumb\"},\"inLanguage\":\"pt-PT\",\"potentialAction\":[{\"@type\":\"ReadAction\",\"target\":[\"https:\\\/\\\/incentea.com\\\/pt\\\/politica-da-qualidade\\\/\"]}]},{\"@type\":\"BreadcrumbList\",\"@id\":\"https:\\\/\\\/incentea.com\\\/pt\\\/politica-da-qualidade\\\/#breadcrumb\",\"itemListElement\":[{\"@type\":\"ListItem\",\"position\":1,\"name\":\"Home\",\"item\":\"https:\\\/\\\/incentea.com\\\/pt\\\/\"},{\"@type\":\"ListItem\",\"position\":2,\"name\":\"Pol\u00edtica da Qualidade\"}]},{\"@type\":\"WebSite\",\"@id\":\"https:\\\/\\\/incentea.com\\\/pt\\\/#website\",\"url\":\"https:\\\/\\\/incentea.com\\\/pt\\\/\",\"name\":\"INCENTEA Portugal\",\"description\":\"Website da INCENTEA em PORTUGAL\",\"publisher\":{\"@id\":\"https:\\\/\\\/incentea.com\\\/pt\\\/#organization\"},\"potentialAction\":[{\"@type\":\"SearchAction\",\"target\":{\"@type\":\"EntryPoint\",\"urlTemplate\":\"https:\\\/\\\/incentea.com\\\/pt\\\/?s={search_term_string}\"},\"query-input\":{\"@type\":\"PropertyValueSpecification\",\"valueRequired\":true,\"valueName\":\"search_term_string\"}}],\"inLanguage\":\"pt-PT\"},{\"@type\":\"Organization\",\"@id\":\"https:\\\/\\\/incentea.com\\\/pt\\\/#organization\",\"name\":\"INCENTEA - PORTUGAL\",\"url\":\"https:\\\/\\\/incentea.com\\\/pt\\\/\",\"logo\":{\"@type\":\"ImageObject\",\"inLanguage\":\"pt-PT\",\"@id\":\"https:\\\/\\\/incentea.com\\\/pt\\\/#\\\/schema\\\/logo\\\/image\\\/\",\"url\":\"https:\\\/\\\/incentea.com\\\/pt\\\/wp-content\\\/uploads\\\/sites\\\/3\\\/2025\\\/09\\\/incentea_logo.svg\",\"contentUrl\":\"https:\\\/\\\/incentea.com\\\/pt\\\/wp-content\\\/uploads\\\/sites\\\/3\\\/2025\\\/09\\\/incentea_logo.svg\",\"width\":251,\"height\":41,\"caption\":\"INCENTEA - PORTUGAL\"},\"image\":{\"@id\":\"https:\\\/\\\/incentea.com\\\/pt\\\/#\\\/schema\\\/logo\\\/image\\\/\"},\"sameAs\":[\"https:\\\/\\\/www.facebook.com\\\/incentea\\\/?locale=pt_PT\",\"https:\\\/\\\/www.instagram.com\\\/incenteatg\",\"https:\\\/\\\/pt.linkedin.com\\\/company\\\/incentea\"]}]}<\/script>\n<!-- \/ Yoast SEO plugin. -->","yoast_head_json":{"title":"Pol\u00edtica da Qualidade - INCENTEA Portugal","robots":{"index":"noindex","follow":"nofollow"},"og_locale":"pt_PT","og_type":"article","og_title":"Pol\u00edtica da Qualidade - INCENTEA Portugal","og_description":"[vc_row type=&#8221;in_container&#8221; full_screen_row_position=&#8221;middle&#8221; column_margin=&#8221;default&#8221; column_direction=&#8221;default&#8221; column_direction_tablet=&#8221;default&#8221; column_direction_phone=&#8221;default&#8221; scene_position=&#8221;center&#8221; top_padding=&#8221;10%&#8221; top_padding_tablet=&#8221;15%&#8221; top_padding_phone=&#8221;20%&#8221; text_color=&#8221;light&#8221; text_align=&#8221;left&#8221; row_border_radius=&#8221;none&#8221; row_border_radius_applies=&#8221;bg&#8221; overflow=&#8221;visible&#8221; overlay_strength=&#8221;0.3&#8243; gradient_direction=&#8221;left_to_right&#8221; shape_divider_position=&#8221;bottom&#8221; bg_image_animation=&#8221;none&#8221; gradient_type=&#8221;default&#8221; shape_type=&#8221;&#8221;][vc_column column_padding=&#8221;no-extra-padding&#8221; column_padding_tablet=&#8221;inherit&#8221; column_padding_phone=&#8221;inherit&#8221; column_padding_position=&#8221;all&#8221; column_element_direction_desktop=&#8221;default&#8221; column_element_spacing=&#8221;default&#8221; centered_text=&#8221;true&#8221; desktop_text_alignment=&#8221;default&#8221;...","og_url":"https:\/\/incentea.com\/pt\/politica-da-qualidade\/","og_site_name":"INCENTEA Portugal","article_publisher":"https:\/\/www.facebook.com\/incentea\/?locale=pt_PT","article_modified_time":"2026-02-02T11:58:40+00:00","twitter_card":"summary_large_image","twitter_misc":{"Tempo estimado de leitura":"1 minuto"},"schema":{"@context":"https:\/\/schema.org","@graph":[{"@type":"WebPage","@id":"https:\/\/incentea.com\/pt\/politica-da-qualidade\/","url":"https:\/\/incentea.com\/pt\/politica-da-qualidade\/","name":"Pol\u00edtica da Qualidade - INCENTEA Portugal","isPartOf":{"@id":"https:\/\/incentea.com\/pt\/#website"},"datePublished":"2025-10-17T13:45:13+00:00","dateModified":"2026-02-02T11:58:40+00:00","breadcrumb":{"@id":"https:\/\/incentea.com\/pt\/politica-da-qualidade\/#breadcrumb"},"inLanguage":"pt-PT","potentialAction":[{"@type":"ReadAction","target":["https:\/\/incentea.com\/pt\/politica-da-qualidade\/"]}]},{"@type":"BreadcrumbList","@id":"https:\/\/incentea.com\/pt\/politica-da-qualidade\/#breadcrumb","itemListElement":[{"@type":"ListItem","position":1,"name":"Home","item":"https:\/\/incentea.com\/pt\/"},{"@type":"ListItem","position":2,"name":"Pol\u00edtica da Qualidade"}]},{"@type":"WebSite","@id":"https:\/\/incentea.com\/pt\/#website","url":"https:\/\/incentea.com\/pt\/","name":"INCENTEA Portugal","description":"Website da INCENTEA em PORTUGAL","publisher":{"@id":"https:\/\/incentea.com\/pt\/#organization"},"potentialAction":[{"@type":"SearchAction","target":{"@type":"EntryPoint","urlTemplate":"https:\/\/incentea.com\/pt\/?s={search_term_string}"},"query-input":{"@type":"PropertyValueSpecification","valueRequired":true,"valueName":"search_term_string"}}],"inLanguage":"pt-PT"},{"@type":"Organization","@id":"https:\/\/incentea.com\/pt\/#organization","name":"INCENTEA - PORTUGAL","url":"https:\/\/incentea.com\/pt\/","logo":{"@type":"ImageObject","inLanguage":"pt-PT","@id":"https:\/\/incentea.com\/pt\/#\/schema\/logo\/image\/","url":"https:\/\/incentea.com\/pt\/wp-content\/uploads\/sites\/3\/2025\/09\/incentea_logo.svg","contentUrl":"https:\/\/incentea.com\/pt\/wp-content\/uploads\/sites\/3\/2025\/09\/incentea_logo.svg","width":251,"height":41,"caption":"INCENTEA - PORTUGAL"},"image":{"@id":"https:\/\/incentea.com\/pt\/#\/schema\/logo\/image\/"},"sameAs":["https:\/\/www.facebook.com\/incentea\/?locale=pt_PT","https:\/\/www.instagram.com\/incenteatg","https:\/\/pt.linkedin.com\/company\/incentea"]}]}},"jetpack_sharing_enabled":true,"_links":{"self":[{"href":"https:\/\/incentea.com\/pt\/wp-json\/wp\/v2\/pages\/1076","targetHints":{"allow":["GET"]}}],"collection":[{"href":"https:\/\/incentea.com\/pt\/wp-json\/wp\/v2\/pages"}],"about":[{"href":"https:\/\/incentea.com\/pt\/wp-json\/wp\/v2\/types\/page"}],"author":[{"embeddable":true,"href":"https:\/\/incentea.com\/pt\/wp-json\/wp\/v2\/users\/1"}],"replies":[{"embeddable":true,"href":"https:\/\/incentea.com\/pt\/wp-json\/wp\/v2\/comments?post=1076"}],"version-history":[{"count":6,"href":"https:\/\/incentea.com\/pt\/wp-json\/wp\/v2\/pages\/1076\/revisions"}],"predecessor-version":[{"id":1323,"href":"https:\/\/incentea.com\/pt\/wp-json\/wp\/v2\/pages\/1076\/revisions\/1323"}],"wp:attachment":[{"href":"https:\/\/incentea.com\/pt\/wp-json\/wp\/v2\/media?parent=1076"}],"curies":[{"name":"wp","href":"https:\/\/api.w.org\/{rel}","templated":true}]}}