{"id":1063,"date":"2025-10-17T13:35:53","date_gmt":"2025-10-17T13:35:53","guid":{"rendered":"https:\/\/incentea.yourcode-staging.com\/pt\/?page_id=1063"},"modified":"2025-11-03T12:54:28","modified_gmt":"2025-11-03T12:54:28","slug":"prevencao-corrupcao","status":"publish","type":"page","link":"https:\/\/incentea.com\/pt\/prevencao-corrupcao\/","title":{"rendered":"Preven\u00e7\u00e3o da Corrup\u00e7\u00e3o"},"content":{"rendered":"[vc_row type=&#8221;in_container&#8221; full_screen_row_position=&#8221;middle&#8221; column_margin=&#8221;default&#8221; column_direction=&#8221;default&#8221; column_direction_tablet=&#8221;default&#8221; column_direction_phone=&#8221;default&#8221; scene_position=&#8221;center&#8221; top_padding=&#8221;10%&#8221; top_padding_tablet=&#8221;15%&#8221; top_padding_phone=&#8221;20%&#8221; text_color=&#8221;light&#8221; text_align=&#8221;left&#8221; row_border_radius=&#8221;none&#8221; row_border_radius_applies=&#8221;bg&#8221; overflow=&#8221;visible&#8221; overlay_strength=&#8221;0.3&#8243; gradient_direction=&#8221;left_to_right&#8221; shape_divider_position=&#8221;bottom&#8221; bg_image_animation=&#8221;none&#8221; gradient_type=&#8221;default&#8221; shape_type=&#8221;&#8221;][vc_column column_padding=&#8221;no-extra-padding&#8221; column_padding_tablet=&#8221;inherit&#8221; column_padding_phone=&#8221;inherit&#8221; column_padding_position=&#8221;all&#8221; column_element_direction_desktop=&#8221;default&#8221; column_element_spacing=&#8221;default&#8221; centered_text=&#8221;true&#8221; desktop_text_alignment=&#8221;default&#8221; tablet_text_alignment=&#8221;default&#8221; phone_text_alignment=&#8221;default&#8221; background_color_opacity=&#8221;1&#8243; background_hover_color_opacity=&#8221;1&#8243; column_backdrop_filter=&#8221;none&#8221; column_shadow=&#8221;none&#8221; column_border_radius=&#8221;none&#8221; column_link_target=&#8221;_self&#8221; column_position=&#8221;default&#8221; gradient_direction=&#8221;left_to_right&#8221; overlay_strength=&#8221;0.3&#8243; width=&#8221;1\/1&#8243; tablet_width_inherit=&#8221;default&#8221; animation_type=&#8221;default&#8221; bg_image_animation=&#8221;none&#8221; border_type=&#8221;simple&#8221; column_border_width=&#8221;none&#8221; column_border_style=&#8221;solid&#8221; column_padding_type=&#8221;default&#8221; gradient_type=&#8221;default&#8221;][vc_column_text css=&#8221;&#8221; text_direction=&#8221;default&#8221;]\n<h1><span style=\"font-weight: 400;color: #233dec\">PREVEN\u00c7\u00c3O DA CORRUP\u00c7\u00c3O<\/span><\/h1>\n[\/vc_column_text][\/vc_column][\/vc_row][vc_row type=&#8221;in_container&#8221; full_screen_row_position=&#8221;middle&#8221; column_margin=&#8221;default&#8221; column_direction=&#8221;default&#8221; column_direction_tablet=&#8221;default&#8221; column_direction_phone=&#8221;default&#8221; scene_position=&#8221;center&#8221; top_padding=&#8221;5%&#8221; text_color=&#8221;dark&#8221; text_align=&#8221;left&#8221; row_border_radius=&#8221;none&#8221; row_border_radius_applies=&#8221;bg&#8221; overflow=&#8221;visible&#8221; overlay_strength=&#8221;0.3&#8243; gradient_direction=&#8221;left_to_right&#8221; shape_divider_position=&#8221;bottom&#8221; bg_image_animation=&#8221;none&#8221; gradient_type=&#8221;default&#8221; shape_type=&#8221;&#8221;][vc_column column_padding=&#8221;no-extra-padding&#8221; column_padding_tablet=&#8221;inherit&#8221; column_padding_phone=&#8221;inherit&#8221; column_padding_position=&#8221;all&#8221; column_element_direction_desktop=&#8221;default&#8221; column_element_spacing=&#8221;default&#8221; desktop_text_alignment=&#8221;default&#8221; tablet_text_alignment=&#8221;default&#8221; phone_text_alignment=&#8221;default&#8221; background_color_opacity=&#8221;1&#8243; background_hover_color_opacity=&#8221;1&#8243; column_backdrop_filter=&#8221;none&#8221; column_shadow=&#8221;none&#8221; column_border_radius=&#8221;none&#8221; column_link_target=&#8221;_self&#8221; column_position=&#8221;default&#8221; gradient_direction=&#8221;left_to_right&#8221; overlay_strength=&#8221;0.3&#8243; width=&#8221;1\/6&#8243; tablet_width_inherit=&#8221;default&#8221; animation_type=&#8221;default&#8221; bg_image_animation=&#8221;none&#8221; border_type=&#8221;simple&#8221; column_border_width=&#8221;none&#8221; column_border_style=&#8221;solid&#8221;][\/vc_column][vc_column column_padding=&#8221;no-extra-padding&#8221; column_padding_tablet=&#8221;inherit&#8221; column_padding_phone=&#8221;inherit&#8221; column_padding_position=&#8221;all&#8221; column_element_direction_desktop=&#8221;default&#8221; column_element_spacing=&#8221;default&#8221; desktop_text_alignment=&#8221;default&#8221; tablet_text_alignment=&#8221;default&#8221; phone_text_alignment=&#8221;default&#8221; background_color_opacity=&#8221;1&#8243; background_hover_color_opacity=&#8221;1&#8243; column_backdrop_filter=&#8221;none&#8221; column_shadow=&#8221;none&#8221; column_border_radius=&#8221;none&#8221; column_link_target=&#8221;_self&#8221; column_position=&#8221;default&#8221; gradient_direction=&#8221;left_to_right&#8221; overlay_strength=&#8221;0.3&#8243; width=&#8221;2\/3&#8243; tablet_width_inherit=&#8221;default&#8221; animation_type=&#8221;default&#8221; bg_image_animation=&#8221;none&#8221; border_type=&#8221;simple&#8221; column_border_width=&#8221;none&#8221; column_border_style=&#8221;solid&#8221;][vc_column_text css=&#8221;&#8221; text_direction=&#8221;default&#8221; el_class=&#8221;fs-16&#8243;]<strong>Programa de cumprimento normativo para a preven\u00e7\u00e3o da corrup\u00e7\u00e3o:<br \/>\n<\/strong><a href=\"https:\/\/incentea.com\/pt\/wp-content\/uploads\/sites\/3\/2025\/10\/Diretrizes-de-Denuncia.pdf\" target=\"_blank\" rel=\"noopener\"><br \/>\nDiretrizes de Den\u00fancia INCENTEA<br \/>\n<\/a><br \/>\n<a href=\"https:\/\/incentea.com\/pt\/wp-content\/uploads\/sites\/3\/2025\/11\/politica-de-denuncias-interna-incentea.pdf\">Pol\u00edtica de Den\u00fancias Internas<\/a><\/p>\n<p><a href=\"https:\/\/incentea.com\/pt\/wp-content\/uploads\/sites\/3\/2025\/10\/Codigo_de_conduta.pdf\">C\u00f3digo de Conduta INCENTEA<\/a><br \/>\n<a href=\"\/pt\/wp-content\/uploads\/sites\/3\/2025\/10\/plano-de-prevencao-dos-riscos-de-corrupcao-in-centea.pdf\" target=\"_blank\" rel=\"noopener\"><br \/>\nPlano de Preven\u00e7\u00e3o dos Riscos de Corrup\u00e7\u00e3o INCENTEA<br \/>\n<\/a><a href=\"\/pt\/wp-content\/uploads\/sites\/3\/2025\/10\/relatorio-intercalar-de-execucao-do-plano-de-prevencao-de-riscos-de-corrupcao-e-infracoes-conexas-ppr.pdf\" target=\"_blank\" rel=\"noopener\"><br \/>\nRelat\u00f3rio intercalar de execu\u00e7\u00e3o do Plano de Preven\u00e7\u00e3o de Riscos de Corrup\u00e7\u00e3o e Infra\u00e7\u00f5es Conexas (PPR)<br \/>\n<\/a><a href=\"\/pt\/wp-content\/uploads\/sites\/3\/2025\/10\/relatorio-anual-de-execucao-do-plano-de-prevencao-de-riscos-de-corrupcao-e-infracoes-conexas-ppr.pdf\" target=\"_blank\" rel=\"noopener\"><br \/>\nRelat\u00f3rio anual de execu\u00e7\u00e3o do Plano de Preven\u00e7\u00e3o de Riscos de Corrup\u00e7\u00e3o e Infra\u00e7\u00f5es Conexas (PPR)<br \/>\n<\/a><a href=\"https:\/\/incentea.com\/pt\/wp-content\/uploads\/sites\/3\/2025\/10\/Canal_de-denuncia_FAQs.pdf\" target=\"_blank\" rel=\"noopener\"><br \/>\nCanal de Den\u00fancia &#8211; FAQs<br \/>\n<\/a>[\/vc_column_text][\/vc_column][vc_column column_padding=&#8221;no-extra-padding&#8221; column_padding_tablet=&#8221;inherit&#8221; column_padding_phone=&#8221;inherit&#8221; column_padding_position=&#8221;all&#8221; column_element_direction_desktop=&#8221;default&#8221; column_element_spacing=&#8221;default&#8221; desktop_text_alignment=&#8221;default&#8221; tablet_text_alignment=&#8221;default&#8221; phone_text_alignment=&#8221;default&#8221; background_color_opacity=&#8221;1&#8243; background_hover_color_opacity=&#8221;1&#8243; column_backdrop_filter=&#8221;none&#8221; column_shadow=&#8221;none&#8221; column_border_radius=&#8221;none&#8221; column_link_target=&#8221;_self&#8221; column_position=&#8221;default&#8221; gradient_direction=&#8221;left_to_right&#8221; overlay_strength=&#8221;0.3&#8243; width=&#8221;1\/6&#8243; tablet_width_inherit=&#8221;default&#8221; animation_type=&#8221;default&#8221; bg_image_animation=&#8221;none&#8221; border_type=&#8221;simple&#8221; column_border_width=&#8221;none&#8221; column_border_style=&#8221;solid&#8221;][\/vc_column][\/vc_row]\n","protected":false},"excerpt":{"rendered":"<p>[vc_row type=&#8221;in_container&#8221; full_screen_row_position=&#8221;middle&#8221; column_margin=&#8221;default&#8221; column_direction=&#8221;default&#8221; column_direction_tablet=&#8221;default&#8221; column_direction_phone=&#8221;default&#8221; scene_position=&#8221;center&#8221; top_padding=&#8221;10%&#8221; top_padding_tablet=&#8221;15%&#8221; top_padding_phone=&#8221;20%&#8221; text_color=&#8221;light&#8221; text_align=&#8221;left&#8221; row_border_radius=&#8221;none&#8221; row_border_radius_applies=&#8221;bg&#8221; overflow=&#8221;visible&#8221; overlay_strength=&#8221;0.3&#8243; gradient_direction=&#8221;left_to_right&#8221; shape_divider_position=&#8221;bottom&#8221; bg_image_animation=&#8221;none&#8221; gradient_type=&#8221;default&#8221; shape_type=&#8221;&#8221;][vc_column column_padding=&#8221;no-extra-padding&#8221; column_padding_tablet=&#8221;inherit&#8221; column_padding_phone=&#8221;inherit&#8221; column_padding_position=&#8221;all&#8221; column_element_direction_desktop=&#8221;default&#8221; column_element_spacing=&#8221;default&#8221; centered_text=&#8221;true&#8221; desktop_text_alignment=&#8221;default&#8221;&#8230;<\/p>\n","protected":false},"author":1,"featured_media":0,"parent":0,"menu_order":0,"comment_status":"closed","ping_status":"closed","template":"","meta":{"inline_featured_image":false,"footnotes":""},"class_list":["post-1063","page","type-page","status-publish"],"yoast_head":"<!-- This site is optimized with the Yoast SEO plugin v27.3 - https:\/\/yoast.com\/product\/yoast-seo-wordpress\/ -->\n<title>Preven\u00e7\u00e3o da Corrup\u00e7\u00e3o - INCENTEA Portugal<\/title>\n<meta name=\"robots\" content=\"index, follow, max-snippet:-1, max-image-preview:large, max-video-preview:-1\" \/>\n<link rel=\"canonical\" href=\"https:\/\/incentea.com\/pt\/prevencao-corrupcao\/\" \/>\n<meta property=\"og:locale\" content=\"pt_PT\" \/>\n<meta property=\"og:type\" content=\"article\" \/>\n<meta property=\"og:title\" content=\"Preven\u00e7\u00e3o da Corrup\u00e7\u00e3o - INCENTEA Portugal\" \/>\n<meta property=\"og:description\" content=\"[vc_row type=&#8221;in_container&#8221; full_screen_row_position=&#8221;middle&#8221; column_margin=&#8221;default&#8221; column_direction=&#8221;default&#8221; column_direction_tablet=&#8221;default&#8221; column_direction_phone=&#8221;default&#8221; scene_position=&#8221;center&#8221; top_padding=&#8221;10%&#8221; top_padding_tablet=&#8221;15%&#8221; top_padding_phone=&#8221;20%&#8221; text_color=&#8221;light&#8221; text_align=&#8221;left&#8221; row_border_radius=&#8221;none&#8221; row_border_radius_applies=&#8221;bg&#8221; overflow=&#8221;visible&#8221; overlay_strength=&#8221;0.3&#8243; gradient_direction=&#8221;left_to_right&#8221; shape_divider_position=&#8221;bottom&#8221; bg_image_animation=&#8221;none&#8221; gradient_type=&#8221;default&#8221; shape_type=&#8221;&#8221;][vc_column column_padding=&#8221;no-extra-padding&#8221; column_padding_tablet=&#8221;inherit&#8221; column_padding_phone=&#8221;inherit&#8221; column_padding_position=&#8221;all&#8221; column_element_direction_desktop=&#8221;default&#8221; column_element_spacing=&#8221;default&#8221; centered_text=&#8221;true&#8221; desktop_text_alignment=&#8221;default&#8221;...\" \/>\n<meta property=\"og:url\" content=\"https:\/\/incentea.com\/pt\/prevencao-corrupcao\/\" \/>\n<meta property=\"og:site_name\" content=\"INCENTEA Portugal\" \/>\n<meta property=\"article:publisher\" content=\"https:\/\/www.facebook.com\/incentea\/?locale=pt_PT\" \/>\n<meta property=\"article:modified_time\" content=\"2025-11-03T12:54:28+00:00\" \/>\n<meta name=\"twitter:card\" content=\"summary_large_image\" \/>\n<meta name=\"twitter:label1\" content=\"Tempo estimado de leitura\" \/>\n\t<meta name=\"twitter:data1\" content=\"1 minuto\" \/>\n<script type=\"application\/ld+json\" class=\"yoast-schema-graph\">{\"@context\":\"https:\\\/\\\/schema.org\",\"@graph\":[{\"@type\":\"WebPage\",\"@id\":\"https:\\\/\\\/incentea.com\\\/pt\\\/prevencao-corrupcao\\\/\",\"url\":\"https:\\\/\\\/incentea.com\\\/pt\\\/prevencao-corrupcao\\\/\",\"name\":\"Preven\u00e7\u00e3o da Corrup\u00e7\u00e3o - INCENTEA Portugal\",\"isPartOf\":{\"@id\":\"https:\\\/\\\/incentea.com\\\/pt\\\/#website\"},\"datePublished\":\"2025-10-17T13:35:53+00:00\",\"dateModified\":\"2025-11-03T12:54:28+00:00\",\"breadcrumb\":{\"@id\":\"https:\\\/\\\/incentea.com\\\/pt\\\/prevencao-corrupcao\\\/#breadcrumb\"},\"inLanguage\":\"pt-PT\",\"potentialAction\":[{\"@type\":\"ReadAction\",\"target\":[\"https:\\\/\\\/incentea.com\\\/pt\\\/prevencao-corrupcao\\\/\"]}]},{\"@type\":\"BreadcrumbList\",\"@id\":\"https:\\\/\\\/incentea.com\\\/pt\\\/prevencao-corrupcao\\\/#breadcrumb\",\"itemListElement\":[{\"@type\":\"ListItem\",\"position\":1,\"name\":\"Home\",\"item\":\"https:\\\/\\\/incentea.com\\\/pt\\\/\"},{\"@type\":\"ListItem\",\"position\":2,\"name\":\"Preven\u00e7\u00e3o da Corrup\u00e7\u00e3o\"}]},{\"@type\":\"WebSite\",\"@id\":\"https:\\\/\\\/incentea.com\\\/pt\\\/#website\",\"url\":\"https:\\\/\\\/incentea.com\\\/pt\\\/\",\"name\":\"INCENTEA Portugal\",\"description\":\"Website da INCENTEA em PORTUGAL\",\"publisher\":{\"@id\":\"https:\\\/\\\/incentea.com\\\/pt\\\/#organization\"},\"potentialAction\":[{\"@type\":\"SearchAction\",\"target\":{\"@type\":\"EntryPoint\",\"urlTemplate\":\"https:\\\/\\\/incentea.com\\\/pt\\\/?s={search_term_string}\"},\"query-input\":{\"@type\":\"PropertyValueSpecification\",\"valueRequired\":true,\"valueName\":\"search_term_string\"}}],\"inLanguage\":\"pt-PT\"},{\"@type\":\"Organization\",\"@id\":\"https:\\\/\\\/incentea.com\\\/pt\\\/#organization\",\"name\":\"INCENTEA - PORTUGAL\",\"url\":\"https:\\\/\\\/incentea.com\\\/pt\\\/\",\"logo\":{\"@type\":\"ImageObject\",\"inLanguage\":\"pt-PT\",\"@id\":\"https:\\\/\\\/incentea.com\\\/pt\\\/#\\\/schema\\\/logo\\\/image\\\/\",\"url\":\"https:\\\/\\\/incentea.com\\\/pt\\\/wp-content\\\/uploads\\\/sites\\\/3\\\/2025\\\/09\\\/incentea_logo.svg\",\"contentUrl\":\"https:\\\/\\\/incentea.com\\\/pt\\\/wp-content\\\/uploads\\\/sites\\\/3\\\/2025\\\/09\\\/incentea_logo.svg\",\"width\":251,\"height\":41,\"caption\":\"INCENTEA - PORTUGAL\"},\"image\":{\"@id\":\"https:\\\/\\\/incentea.com\\\/pt\\\/#\\\/schema\\\/logo\\\/image\\\/\"},\"sameAs\":[\"https:\\\/\\\/www.facebook.com\\\/incentea\\\/?locale=pt_PT\",\"https:\\\/\\\/www.instagram.com\\\/incenteatg\",\"https:\\\/\\\/pt.linkedin.com\\\/company\\\/incentea\"]}]}<\/script>\n<!-- \/ Yoast SEO plugin. -->","yoast_head_json":{"title":"Preven\u00e7\u00e3o da Corrup\u00e7\u00e3o - INCENTEA Portugal","robots":{"index":"index","follow":"follow","max-snippet":"max-snippet:-1","max-image-preview":"max-image-preview:large","max-video-preview":"max-video-preview:-1"},"canonical":"https:\/\/incentea.com\/pt\/prevencao-corrupcao\/","og_locale":"pt_PT","og_type":"article","og_title":"Preven\u00e7\u00e3o da Corrup\u00e7\u00e3o - INCENTEA Portugal","og_description":"[vc_row type=&#8221;in_container&#8221; full_screen_row_position=&#8221;middle&#8221; column_margin=&#8221;default&#8221; column_direction=&#8221;default&#8221; column_direction_tablet=&#8221;default&#8221; column_direction_phone=&#8221;default&#8221; scene_position=&#8221;center&#8221; top_padding=&#8221;10%&#8221; top_padding_tablet=&#8221;15%&#8221; top_padding_phone=&#8221;20%&#8221; text_color=&#8221;light&#8221; text_align=&#8221;left&#8221; row_border_radius=&#8221;none&#8221; row_border_radius_applies=&#8221;bg&#8221; overflow=&#8221;visible&#8221; overlay_strength=&#8221;0.3&#8243; gradient_direction=&#8221;left_to_right&#8221; shape_divider_position=&#8221;bottom&#8221; bg_image_animation=&#8221;none&#8221; gradient_type=&#8221;default&#8221; shape_type=&#8221;&#8221;][vc_column column_padding=&#8221;no-extra-padding&#8221; column_padding_tablet=&#8221;inherit&#8221; column_padding_phone=&#8221;inherit&#8221; column_padding_position=&#8221;all&#8221; column_element_direction_desktop=&#8221;default&#8221; column_element_spacing=&#8221;default&#8221; centered_text=&#8221;true&#8221; desktop_text_alignment=&#8221;default&#8221;...","og_url":"https:\/\/incentea.com\/pt\/prevencao-corrupcao\/","og_site_name":"INCENTEA Portugal","article_publisher":"https:\/\/www.facebook.com\/incentea\/?locale=pt_PT","article_modified_time":"2025-11-03T12:54:28+00:00","twitter_card":"summary_large_image","twitter_misc":{"Tempo estimado de leitura":"1 minuto"},"schema":{"@context":"https:\/\/schema.org","@graph":[{"@type":"WebPage","@id":"https:\/\/incentea.com\/pt\/prevencao-corrupcao\/","url":"https:\/\/incentea.com\/pt\/prevencao-corrupcao\/","name":"Preven\u00e7\u00e3o da Corrup\u00e7\u00e3o - INCENTEA Portugal","isPartOf":{"@id":"https:\/\/incentea.com\/pt\/#website"},"datePublished":"2025-10-17T13:35:53+00:00","dateModified":"2025-11-03T12:54:28+00:00","breadcrumb":{"@id":"https:\/\/incentea.com\/pt\/prevencao-corrupcao\/#breadcrumb"},"inLanguage":"pt-PT","potentialAction":[{"@type":"ReadAction","target":["https:\/\/incentea.com\/pt\/prevencao-corrupcao\/"]}]},{"@type":"BreadcrumbList","@id":"https:\/\/incentea.com\/pt\/prevencao-corrupcao\/#breadcrumb","itemListElement":[{"@type":"ListItem","position":1,"name":"Home","item":"https:\/\/incentea.com\/pt\/"},{"@type":"ListItem","position":2,"name":"Preven\u00e7\u00e3o da Corrup\u00e7\u00e3o"}]},{"@type":"WebSite","@id":"https:\/\/incentea.com\/pt\/#website","url":"https:\/\/incentea.com\/pt\/","name":"INCENTEA Portugal","description":"Website da INCENTEA em PORTUGAL","publisher":{"@id":"https:\/\/incentea.com\/pt\/#organization"},"potentialAction":[{"@type":"SearchAction","target":{"@type":"EntryPoint","urlTemplate":"https:\/\/incentea.com\/pt\/?s={search_term_string}"},"query-input":{"@type":"PropertyValueSpecification","valueRequired":true,"valueName":"search_term_string"}}],"inLanguage":"pt-PT"},{"@type":"Organization","@id":"https:\/\/incentea.com\/pt\/#organization","name":"INCENTEA - PORTUGAL","url":"https:\/\/incentea.com\/pt\/","logo":{"@type":"ImageObject","inLanguage":"pt-PT","@id":"https:\/\/incentea.com\/pt\/#\/schema\/logo\/image\/","url":"https:\/\/incentea.com\/pt\/wp-content\/uploads\/sites\/3\/2025\/09\/incentea_logo.svg","contentUrl":"https:\/\/incentea.com\/pt\/wp-content\/uploads\/sites\/3\/2025\/09\/incentea_logo.svg","width":251,"height":41,"caption":"INCENTEA - PORTUGAL"},"image":{"@id":"https:\/\/incentea.com\/pt\/#\/schema\/logo\/image\/"},"sameAs":["https:\/\/www.facebook.com\/incentea\/?locale=pt_PT","https:\/\/www.instagram.com\/incenteatg","https:\/\/pt.linkedin.com\/company\/incentea"]}]}},"jetpack_sharing_enabled":true,"_links":{"self":[{"href":"https:\/\/incentea.com\/pt\/wp-json\/wp\/v2\/pages\/1063","targetHints":{"allow":["GET"]}}],"collection":[{"href":"https:\/\/incentea.com\/pt\/wp-json\/wp\/v2\/pages"}],"about":[{"href":"https:\/\/incentea.com\/pt\/wp-json\/wp\/v2\/types\/page"}],"author":[{"embeddable":true,"href":"https:\/\/incentea.com\/pt\/wp-json\/wp\/v2\/users\/1"}],"replies":[{"embeddable":true,"href":"https:\/\/incentea.com\/pt\/wp-json\/wp\/v2\/comments?post=1063"}],"version-history":[{"count":10,"href":"https:\/\/incentea.com\/pt\/wp-json\/wp\/v2\/pages\/1063\/revisions"}],"predecessor-version":[{"id":1333,"href":"https:\/\/incentea.com\/pt\/wp-json\/wp\/v2\/pages\/1063\/revisions\/1333"}],"wp:attachment":[{"href":"https:\/\/incentea.com\/pt\/wp-json\/wp\/v2\/media?parent=1063"}],"curies":[{"name":"wp","href":"https:\/\/api.w.org\/{rel}","templated":true}]}}