{"id":2267,"date":"2025-10-17T13:35:53","date_gmt":"2025-10-17T13:35:53","guid":{"rendered":"https:\/\/incentea.com\/es\/prevencao-corrupcao\/"},"modified":"2025-10-17T13:35:53","modified_gmt":"2025-10-17T13:35:53","slug":"prevencao-corrupcao","status":"publish","type":"page","link":"https:\/\/incentea.com\/es\/prevencao-corrupcao\/","title":{"rendered":"Preven\u00e7\u00e3o da Corrup\u00e7\u00e3o"},"content":{"rendered":"[vc_row type=\u00bbin_container\u00bb full_screen_row_position=\u00bbmiddle\u00bb column_margin=\u00bbdefault\u00bb column_direction=\u00bbdefault\u00bb column_direction_tablet=\u00bbdefault\u00bb column_direction_phone=\u00bbdefault\u00bb scene_position=\u00bbcenter\u00bb top_padding=\u00bb10%\u00bb top_padding_tablet=\u00bb15%\u00bb top_padding_phone=\u00bb20%\u00bb text_color=\u00bblight\u00bb text_align=\u00bbleft\u00bb row_border_radius=\u00bbnone\u00bb row_border_radius_applies=\u00bbbg\u00bb overflow=\u00bbvisible\u00bb overlay_strength=\u00bb0.3&#8243; gradient_direction=\u00bbleft_to_right\u00bb shape_divider_position=\u00bbbottom\u00bb bg_image_animation=\u00bbnone\u00bb gradient_type=\u00bbdefault\u00bb shape_type=\u00bb\u00bb][vc_column column_padding=\u00bbno-extra-padding\u00bb column_padding_tablet=\u00bbinherit\u00bb column_padding_phone=\u00bbinherit\u00bb column_padding_position=\u00bball\u00bb column_element_direction_desktop=\u00bbdefault\u00bb column_element_spacing=\u00bbdefault\u00bb centered_text=\u00bbtrue\u00bb desktop_text_alignment=\u00bbdefault\u00bb tablet_text_alignment=\u00bbdefault\u00bb phone_text_alignment=\u00bbdefault\u00bb background_color_opacity=\u00bb1&#8243; background_hover_color_opacity=\u00bb1&#8243; column_backdrop_filter=\u00bbnone\u00bb column_shadow=\u00bbnone\u00bb column_border_radius=\u00bbnone\u00bb column_link_target=\u00bb_self\u00bb column_position=\u00bbdefault\u00bb gradient_direction=\u00bbleft_to_right\u00bb overlay_strength=\u00bb0.3&#8243; width=\u00bb1\/1&#8243; tablet_width_inherit=\u00bbdefault\u00bb animation_type=\u00bbdefault\u00bb bg_image_animation=\u00bbnone\u00bb border_type=\u00bbsimple\u00bb column_border_width=\u00bbnone\u00bb column_border_style=\u00bbsolid\u00bb column_padding_type=\u00bbdefault\u00bb gradient_type=\u00bbdefault\u00bb][vc_column_text css=\u00bb\u00bb text_direction=\u00bbdefault\u00bb]\n<h1><span style=\"font-weight: 400; color: #233dec;\">PREVENCI\u00d3N DE LA CORRUPCI\u00d3N<\/span><\/h1>\n[\/vc_column_text][\/vc_column][\/vc_row][vc_row type=\u00bbin_container\u00bb full_screen_row_position=\u00bbmiddle\u00bb column_margin=\u00bbdefault\u00bb column_direction=\u00bbdefault\u00bb column_direction_tablet=\u00bbdefault\u00bb column_direction_phone=\u00bbdefault\u00bb scene_position=\u00bbcenter\u00bb top_padding=\u00bb5%\u00bb text_color=\u00bbdark\u00bb text_align=\u00bbleft\u00bb row_border_radius=\u00bbnone\u00bb row_border_radius_applies=\u00bbbg\u00bb overflow=\u00bbvisible\u00bb overlay_strength=\u00bb0.3&#8243; gradient_direction=\u00bbleft_to_right\u00bb shape_divider_position=\u00bbbottom\u00bb bg_image_animation=\u00bbnone\u00bb gradient_type=\u00bbdefault\u00bb shape_type=\u00bb\u00bb][vc_column column_padding=\u00bbno-extra-padding\u00bb column_padding_tablet=\u00bbinherit\u00bb column_padding_phone=\u00bbinherit\u00bb column_padding_position=\u00bball\u00bb column_element_direction_desktop=\u00bbdefault\u00bb column_element_spacing=\u00bbdefault\u00bb desktop_text_alignment=\u00bbdefault\u00bb tablet_text_alignment=\u00bbdefault\u00bb phone_text_alignment=\u00bbdefault\u00bb background_color_opacity=\u00bb1&#8243; background_hover_color_opacity=\u00bb1&#8243; column_backdrop_filter=\u00bbnone\u00bb column_shadow=\u00bbnone\u00bb column_border_radius=\u00bbnone\u00bb column_link_target=\u00bb_self\u00bb column_position=\u00bbdefault\u00bb gradient_direction=\u00bbleft_to_right\u00bb overlay_strength=\u00bb0.3&#8243; width=\u00bb1\/6&#8243; tablet_width_inherit=\u00bbdefault\u00bb animation_type=\u00bbdefault\u00bb bg_image_animation=\u00bbnone\u00bb border_type=\u00bbsimple\u00bb column_border_width=\u00bbnone\u00bb column_border_style=\u00bbsolid\u00bb][\/vc_column][vc_column column_padding=\u00bbno-extra-padding\u00bb column_padding_tablet=\u00bbinherit\u00bb column_padding_phone=\u00bbinherit\u00bb column_padding_position=\u00bball\u00bb column_element_direction_desktop=\u00bbdefault\u00bb column_element_spacing=\u00bbdefault\u00bb desktop_text_alignment=\u00bbdefault\u00bb tablet_text_alignment=\u00bbdefault\u00bb phone_text_alignment=\u00bbdefault\u00bb background_color_opacity=\u00bb1&#8243; background_hover_color_opacity=\u00bb1&#8243; column_backdrop_filter=\u00bbnone\u00bb column_shadow=\u00bbnone\u00bb column_border_radius=\u00bbnone\u00bb column_link_target=\u00bb_self\u00bb column_position=\u00bbdefault\u00bb gradient_direction=\u00bbleft_to_right\u00bb overlay_strength=\u00bb0.3&#8243; width=\u00bb2\/3&#8243; tablet_width_inherit=\u00bbdefault\u00bb animation_type=\u00bbdefault\u00bb bg_image_animation=\u00bbnone\u00bb border_type=\u00bbsimple\u00bb column_border_width=\u00bbnone\u00bb column_border_style=\u00bbsolid\u00bb][vc_column_text css=\u00bb\u00bb text_direction=\u00bbdefault\u00bb el_class=\u00bbfs-16&#8243;]<strong>Programa de cumprimento normativo para a preven\u00e7\u00e3o da corrup\u00e7\u00e3o:<br \/>\n<\/strong><a href=\"https:\/\/incentea.com\/es\/wp-content\/uploads\/sites\/5\/2025\/10\/Diretrizes-de-Denuncia.pdf\" target=\"_blank\" rel=\"noopener\"><br \/>\n<\/a>Directrices de Denuncia INCENTEA<a href=\"https:\/\/incentea.com\/es\/wp-content\/uploads\/sites\/5\/2025\/10\/Diretrizes-de-Denuncia.pdf\" target=\"_blank\" rel=\"noopener\"><br \/>\n<\/a><br \/>\n<a href=\"https:\/\/incentea.com\/es\/wp-content\/uploads\/sites\/5\/2025\/11\/politica-de-denuncias-interna-incentea.pdf\">Pol\u00edtica de Denuncias Internas<\/a><\/p>\n<p><a href=\"https:\/\/incentea.com\/es\/wp-content\/uploads\/sites\/5\/2025\/11\/Codigo_de_conduta_ES.pdf\">C\u00f3digo de Conducta INCENTEA<\/a><br \/>\n<a href=\"\/pt\/wp-content\/uploads\/sites\/5\/2025\/10\/plano-de-prevencao-dos-riscos-de-corrupcao-in-centea.pdf\" target=\"_blank\" rel=\"noopener\"><br \/>\nPlan de Prevenci\u00f3n de Riesgos de Corrupci\u00f3n INCENTEA<br \/>\n<\/a><a href=\"\/pt\/wp-content\/uploads\/sites\/5\/2025\/10\/relatorio-intercalar-de-execucao-do-plano-de-prevencao-de-riscos-de-corrupcao-e-infracoes-conexas-ppr.pdf\" target=\"_blank\" rel=\"noopener\"><br \/>\nInforme intermedio de ejecuci\u00f3n del Plan de Prevenci\u00f3n de Riesgos de Corrupci\u00f3n y Infracciones Conexas (PPR)<br \/>\n<\/a><a href=\"\/pt\/wp-content\/uploads\/sites\/5\/2025\/10\/relatorio-anual-de-execucao-do-plano-de-prevencao-de-riscos-de-corrupcao-e-infracoes-conexas-ppr.pdf\" target=\"_blank\" rel=\"noopener\"><br \/>\nInforme anual de ejecuci\u00f3n del Plan de Prevenci\u00f3n de Riesgos de Corrupci\u00f3n e Infracciones Conexas (PPR)<br \/>\n<\/a><a href=\"https:\/\/incentea.com\/es\/wp-content\/uploads\/sites\/5\/2025\/10\/Canal_de-denuncia_FAQs.pdf\" target=\"_blank\" rel=\"noopener\"><br \/>\nCanal de Denuncias \u2013 Preguntas Frecuentes (FAQs)<br \/>\n<\/a>[\/vc_column_text][\/vc_column][vc_column column_padding=\u00bbno-extra-padding\u00bb column_padding_tablet=\u00bbinherit\u00bb column_padding_phone=\u00bbinherit\u00bb column_padding_position=\u00bball\u00bb column_element_direction_desktop=\u00bbdefault\u00bb column_element_spacing=\u00bbdefault\u00bb desktop_text_alignment=\u00bbdefault\u00bb tablet_text_alignment=\u00bbdefault\u00bb phone_text_alignment=\u00bbdefault\u00bb background_color_opacity=\u00bb1&#8243; background_hover_color_opacity=\u00bb1&#8243; column_backdrop_filter=\u00bbnone\u00bb column_shadow=\u00bbnone\u00bb column_border_radius=\u00bbnone\u00bb column_link_target=\u00bb_self\u00bb column_position=\u00bbdefault\u00bb gradient_direction=\u00bbleft_to_right\u00bb overlay_strength=\u00bb0.3&#8243; width=\u00bb1\/6&#8243; tablet_width_inherit=\u00bbdefault\u00bb animation_type=\u00bbdefault\u00bb bg_image_animation=\u00bbnone\u00bb border_type=\u00bbsimple\u00bb column_border_width=\u00bbnone\u00bb column_border_style=\u00bbsolid\u00bb][\/vc_column][\/vc_row]\n","protected":false},"excerpt":{"rendered":"<p>[vc_row type=\u00bbin_container\u00bb full_screen_row_position=\u00bbmiddle\u00bb column_margin=\u00bbdefault\u00bb column_direction=\u00bbdefault\u00bb column_direction_tablet=\u00bbdefault\u00bb column_direction_phone=\u00bbdefault\u00bb scene_position=\u00bbcenter\u00bb top_padding=\u00bb10%\u00bb top_padding_tablet=\u00bb15%\u00bb top_padding_phone=\u00bb20%\u00bb text_color=\u00bblight\u00bb text_align=\u00bbleft\u00bb row_border_radius=\u00bbnone\u00bb row_border_radius_applies=\u00bbbg\u00bb overflow=\u00bbvisible\u00bb overlay_strength=\u00bb0.3&#8243; gradient_direction=\u00bbleft_to_right\u00bb shape_divider_position=\u00bbbottom\u00bb bg_image_animation=\u00bbnone\u00bb gradient_type=\u00bbdefault\u00bb shape_type=\u00bb\u00bb][vc_column column_padding=\u00bbno-extra-padding\u00bb column_padding_tablet=\u00bbinherit\u00bb column_padding_phone=\u00bbinherit\u00bb column_padding_position=\u00bball\u00bb column_element_direction_desktop=\u00bbdefault\u00bb column_element_spacing=\u00bbdefault\u00bb centered_text=\u00bbtrue\u00bb desktop_text_alignment=\u00bbdefault\u00bb&#8230;<\/p>\n","protected":false},"author":1,"featured_media":0,"parent":0,"menu_order":0,"comment_status":"closed","ping_status":"closed","template":"","meta":{"inline_featured_image":false,"footnotes":""},"class_list":["post-2267","page","type-page","status-publish"],"yoast_head":"<!-- This site is optimized with the Yoast SEO plugin v27.5 - https:\/\/yoast.com\/product\/yoast-seo-wordpress\/ -->\n<title>Preven\u00e7\u00e3o da Corrup\u00e7\u00e3o - INCENTEA Espa\u00f1a<\/title>\n<meta name=\"robots\" content=\"index, follow, max-snippet:-1, max-image-preview:large, max-video-preview:-1\" \/>\n<link rel=\"canonical\" href=\"https:\/\/incentea.com\/es\/prevencao-corrupcao\/\" \/>\n<meta property=\"og:locale\" content=\"es_ES\" \/>\n<meta property=\"og:type\" content=\"article\" \/>\n<meta property=\"og:title\" content=\"Preven\u00e7\u00e3o da Corrup\u00e7\u00e3o - INCENTEA Espa\u00f1a\" \/>\n<meta property=\"og:description\" content=\"[vc_row type=\u00bbin_container\u00bb full_screen_row_position=\u00bbmiddle\u00bb column_margin=\u00bbdefault\u00bb column_direction=\u00bbdefault\u00bb column_direction_tablet=\u00bbdefault\u00bb column_direction_phone=\u00bbdefault\u00bb scene_position=\u00bbcenter\u00bb top_padding=\u00bb10%\u00bb top_padding_tablet=\u00bb15%\u00bb top_padding_phone=\u00bb20%\u00bb text_color=\u00bblight\u00bb text_align=\u00bbleft\u00bb row_border_radius=\u00bbnone\u00bb row_border_radius_applies=\u00bbbg\u00bb overflow=\u00bbvisible\u00bb overlay_strength=\u00bb0.3&#8243; gradient_direction=\u00bbleft_to_right\u00bb shape_divider_position=\u00bbbottom\u00bb bg_image_animation=\u00bbnone\u00bb gradient_type=\u00bbdefault\u00bb shape_type=\u00bb\u00bb][vc_column column_padding=\u00bbno-extra-padding\u00bb column_padding_tablet=\u00bbinherit\u00bb column_padding_phone=\u00bbinherit\u00bb column_padding_position=\u00bball\u00bb column_element_direction_desktop=\u00bbdefault\u00bb column_element_spacing=\u00bbdefault\u00bb centered_text=\u00bbtrue\u00bb desktop_text_alignment=\u00bbdefault\u00bb...\" \/>\n<meta property=\"og:url\" content=\"https:\/\/incentea.com\/es\/prevencao-corrupcao\/\" \/>\n<meta property=\"og:site_name\" content=\"INCENTEA Espa\u00f1a\" \/>\n<meta property=\"article:publisher\" content=\"https:\/\/www.facebook.com\/incentea\/?locale=pt_PT\" \/>\n<meta name=\"twitter:card\" content=\"summary_large_image\" \/>\n<meta name=\"twitter:label1\" content=\"Tiempo de lectura\" \/>\n\t<meta name=\"twitter:data1\" content=\"3 minutos\" \/>\n<script type=\"application\/ld+json\" class=\"yoast-schema-graph\">{\"@context\":\"https:\\\/\\\/schema.org\",\"@graph\":[{\"@type\":\"WebPage\",\"@id\":\"https:\\\/\\\/incentea.com\\\/es\\\/prevencao-corrupcao\\\/\",\"url\":\"https:\\\/\\\/incentea.com\\\/es\\\/prevencao-corrupcao\\\/\",\"name\":\"Preven\u00e7\u00e3o da Corrup\u00e7\u00e3o - INCENTEA Espa\u00f1a\",\"isPartOf\":{\"@id\":\"https:\\\/\\\/incentea.com\\\/es\\\/#website\"},\"datePublished\":\"2025-10-17T13:35:53+00:00\",\"breadcrumb\":{\"@id\":\"https:\\\/\\\/incentea.com\\\/es\\\/prevencao-corrupcao\\\/#breadcrumb\"},\"inLanguage\":\"es\",\"potentialAction\":[{\"@type\":\"ReadAction\",\"target\":[\"https:\\\/\\\/incentea.com\\\/es\\\/prevencao-corrupcao\\\/\"]}]},{\"@type\":\"BreadcrumbList\",\"@id\":\"https:\\\/\\\/incentea.com\\\/es\\\/prevencao-corrupcao\\\/#breadcrumb\",\"itemListElement\":[{\"@type\":\"ListItem\",\"position\":1,\"name\":\"Home\",\"item\":\"https:\\\/\\\/incentea.com\\\/es\\\/\"},{\"@type\":\"ListItem\",\"position\":2,\"name\":\"Preven\u00e7\u00e3o da Corrup\u00e7\u00e3o\"}]},{\"@type\":\"WebSite\",\"@id\":\"https:\\\/\\\/incentea.com\\\/es\\\/#website\",\"url\":\"https:\\\/\\\/incentea.com\\\/es\\\/\",\"name\":\"INCENTEA Espa\u00f1a\",\"description\":\"Website INCENTEA en Espa\u00f1a\",\"publisher\":{\"@id\":\"https:\\\/\\\/incentea.com\\\/es\\\/#organization\"},\"potentialAction\":[{\"@type\":\"SearchAction\",\"target\":{\"@type\":\"EntryPoint\",\"urlTemplate\":\"https:\\\/\\\/incentea.com\\\/es\\\/?s={search_term_string}\"},\"query-input\":{\"@type\":\"PropertyValueSpecification\",\"valueRequired\":true,\"valueName\":\"search_term_string\"}}],\"inLanguage\":\"es\"},{\"@type\":\"Organization\",\"@id\":\"https:\\\/\\\/incentea.com\\\/es\\\/#organization\",\"name\":\"INCENTEA - ESPA\u00d1A\",\"alternateName\":\"INCENTEA en ESPA\u00d1A\",\"url\":\"https:\\\/\\\/incentea.com\\\/es\\\/\",\"logo\":{\"@type\":\"ImageObject\",\"inLanguage\":\"es\",\"@id\":\"https:\\\/\\\/incentea.com\\\/es\\\/#\\\/schema\\\/logo\\\/image\\\/\",\"url\":\"https:\\\/\\\/incentea.com\\\/es\\\/wp-content\\\/uploads\\\/sites\\\/5\\\/2025\\\/09\\\/incentea_logo.svg\",\"contentUrl\":\"https:\\\/\\\/incentea.com\\\/es\\\/wp-content\\\/uploads\\\/sites\\\/5\\\/2025\\\/09\\\/incentea_logo.svg\",\"width\":251,\"height\":41,\"caption\":\"INCENTEA - ESPA\u00d1A\"},\"image\":{\"@id\":\"https:\\\/\\\/incentea.com\\\/es\\\/#\\\/schema\\\/logo\\\/image\\\/\"},\"sameAs\":[\"https:\\\/\\\/www.facebook.com\\\/incentea\\\/?locale=pt_PT\",\"https:\\\/\\\/www.instagram.com\\\/incenteatg\",\"https:\\\/\\\/pt.linkedin.com\\\/company\\\/incentea\"]}]}<\/script>\n<!-- \/ Yoast SEO plugin. -->","yoast_head_json":{"title":"Preven\u00e7\u00e3o da Corrup\u00e7\u00e3o - INCENTEA Espa\u00f1a","robots":{"index":"index","follow":"follow","max-snippet":"max-snippet:-1","max-image-preview":"max-image-preview:large","max-video-preview":"max-video-preview:-1"},"canonical":"https:\/\/incentea.com\/es\/prevencao-corrupcao\/","og_locale":"es_ES","og_type":"article","og_title":"Preven\u00e7\u00e3o da Corrup\u00e7\u00e3o - INCENTEA Espa\u00f1a","og_description":"[vc_row type=\u00bbin_container\u00bb full_screen_row_position=\u00bbmiddle\u00bb column_margin=\u00bbdefault\u00bb column_direction=\u00bbdefault\u00bb column_direction_tablet=\u00bbdefault\u00bb column_direction_phone=\u00bbdefault\u00bb scene_position=\u00bbcenter\u00bb top_padding=\u00bb10%\u00bb top_padding_tablet=\u00bb15%\u00bb top_padding_phone=\u00bb20%\u00bb text_color=\u00bblight\u00bb text_align=\u00bbleft\u00bb row_border_radius=\u00bbnone\u00bb row_border_radius_applies=\u00bbbg\u00bb overflow=\u00bbvisible\u00bb overlay_strength=\u00bb0.3&#8243; gradient_direction=\u00bbleft_to_right\u00bb shape_divider_position=\u00bbbottom\u00bb bg_image_animation=\u00bbnone\u00bb gradient_type=\u00bbdefault\u00bb shape_type=\u00bb\u00bb][vc_column column_padding=\u00bbno-extra-padding\u00bb column_padding_tablet=\u00bbinherit\u00bb column_padding_phone=\u00bbinherit\u00bb column_padding_position=\u00bball\u00bb column_element_direction_desktop=\u00bbdefault\u00bb column_element_spacing=\u00bbdefault\u00bb centered_text=\u00bbtrue\u00bb desktop_text_alignment=\u00bbdefault\u00bb...","og_url":"https:\/\/incentea.com\/es\/prevencao-corrupcao\/","og_site_name":"INCENTEA Espa\u00f1a","article_publisher":"https:\/\/www.facebook.com\/incentea\/?locale=pt_PT","twitter_card":"summary_large_image","twitter_misc":{"Tiempo de lectura":"3 minutos"},"schema":{"@context":"https:\/\/schema.org","@graph":[{"@type":"WebPage","@id":"https:\/\/incentea.com\/es\/prevencao-corrupcao\/","url":"https:\/\/incentea.com\/es\/prevencao-corrupcao\/","name":"Preven\u00e7\u00e3o da Corrup\u00e7\u00e3o - INCENTEA Espa\u00f1a","isPartOf":{"@id":"https:\/\/incentea.com\/es\/#website"},"datePublished":"2025-10-17T13:35:53+00:00","breadcrumb":{"@id":"https:\/\/incentea.com\/es\/prevencao-corrupcao\/#breadcrumb"},"inLanguage":"es","potentialAction":[{"@type":"ReadAction","target":["https:\/\/incentea.com\/es\/prevencao-corrupcao\/"]}]},{"@type":"BreadcrumbList","@id":"https:\/\/incentea.com\/es\/prevencao-corrupcao\/#breadcrumb","itemListElement":[{"@type":"ListItem","position":1,"name":"Home","item":"https:\/\/incentea.com\/es\/"},{"@type":"ListItem","position":2,"name":"Preven\u00e7\u00e3o da Corrup\u00e7\u00e3o"}]},{"@type":"WebSite","@id":"https:\/\/incentea.com\/es\/#website","url":"https:\/\/incentea.com\/es\/","name":"INCENTEA Espa\u00f1a","description":"Website INCENTEA en Espa\u00f1a","publisher":{"@id":"https:\/\/incentea.com\/es\/#organization"},"potentialAction":[{"@type":"SearchAction","target":{"@type":"EntryPoint","urlTemplate":"https:\/\/incentea.com\/es\/?s={search_term_string}"},"query-input":{"@type":"PropertyValueSpecification","valueRequired":true,"valueName":"search_term_string"}}],"inLanguage":"es"},{"@type":"Organization","@id":"https:\/\/incentea.com\/es\/#organization","name":"INCENTEA - ESPA\u00d1A","alternateName":"INCENTEA en ESPA\u00d1A","url":"https:\/\/incentea.com\/es\/","logo":{"@type":"ImageObject","inLanguage":"es","@id":"https:\/\/incentea.com\/es\/#\/schema\/logo\/image\/","url":"https:\/\/incentea.com\/es\/wp-content\/uploads\/sites\/5\/2025\/09\/incentea_logo.svg","contentUrl":"https:\/\/incentea.com\/es\/wp-content\/uploads\/sites\/5\/2025\/09\/incentea_logo.svg","width":251,"height":41,"caption":"INCENTEA - ESPA\u00d1A"},"image":{"@id":"https:\/\/incentea.com\/es\/#\/schema\/logo\/image\/"},"sameAs":["https:\/\/www.facebook.com\/incentea\/?locale=pt_PT","https:\/\/www.instagram.com\/incenteatg","https:\/\/pt.linkedin.com\/company\/incentea"]}]}},"_links":{"self":[{"href":"https:\/\/incentea.com\/es\/wp-json\/wp\/v2\/pages\/2267","targetHints":{"allow":["GET"]}}],"collection":[{"href":"https:\/\/incentea.com\/es\/wp-json\/wp\/v2\/pages"}],"about":[{"href":"https:\/\/incentea.com\/es\/wp-json\/wp\/v2\/types\/page"}],"author":[{"embeddable":true,"href":"https:\/\/incentea.com\/es\/wp-json\/wp\/v2\/users\/1"}],"replies":[{"embeddable":true,"href":"https:\/\/incentea.com\/es\/wp-json\/wp\/v2\/comments?post=2267"}],"version-history":[{"count":0,"href":"https:\/\/incentea.com\/es\/wp-json\/wp\/v2\/pages\/2267\/revisions"}],"wp:attachment":[{"href":"https:\/\/incentea.com\/es\/wp-json\/wp\/v2\/media?parent=2267"}],"curies":[{"name":"wp","href":"https:\/\/api.w.org\/{rel}","templated":true}]}}